{"id":2,"date":"2016-05-10T03:48:21","date_gmt":"2016-05-10T03:48:21","guid":{"rendered":"http:\/\/fertighaus-ersatzteile.de\/?page_id=2"},"modified":"2018-09-15T09:48:30","modified_gmt":"2018-09-15T09:48:30","slug":"sample-page","status":"publish","type":"page","link":"https:\/\/fertighaus-ersatzteile.de\/","title":{"rendered":"Startseite"},"content":{"rendered":"<p><strong>Wir haben zu Beginn der 90er Jahre den Ersatzteilversand f\u00fcr die STREIF GmbH \u00fcbernommen und sind seitdem <\/strong><strong>Ihr Lieferant f\u00fcr STREIF-Haus-spezifische Materialien.<\/strong><\/p>\n<p><strong>Wir freuen uns, Ihnen auf den folgenden Seiten unsere Leistungen vorzustellen.<\/strong><\/p>\n<p><strong>Schreiben Sie oder rufen Sie uns einfach an!<\/strong><\/p>\n<p><strong>Wir sind von Mo. bis Fr. zwischen 17 und 19 Uhr f\u00fcr Sie da.<\/strong><\/p>\n<p><strong>Die Lieferung erfolgt schnell und unb\u00fcrokratisch. Eine Lieferung in Verbundfahrt ist m\u00f6glich.<\/strong><\/p>\n<p><strong>Wir freuen uns auf Ihre Anfrage!<\/strong><\/p>\n<p><strong>\u00a0<\/strong><\/p>\n","protected":false},"excerpt":{"rendered":"<p>Wir haben zu Beginn der 90er Jahre den Ersatzteilversand f\u00fcr die STREIF GmbH \u00fcbernommen und sind seitdem Ihr Lieferant f\u00fcr STREIF-Haus-spezifische Materialien. Wir freuen uns, Ihnen auf den folgenden Seiten unsere Leistungen vorzustellen. Schreiben Sie oder rufen Sie uns einfach an! Wir sind von Mo. bis Fr. zwischen 17 und 19 Uhr f\u00fcr Sie da. [&hellip;]<\/p>\n","protected":false},"author":1,"featured_media":0,"parent":0,"menu_order":0,"comment_status":"closed","ping_status":"open","template":"","meta":{"footnotes":""},"jetpack_sharing_enabled":true,"_links":{"self":[{"href":"https:\/\/fertighaus-ersatzteile.de\/index.php?rest_route=\/wp\/v2\/pages\/2"}],"collection":[{"href":"https:\/\/fertighaus-ersatzteile.de\/index.php?rest_route=\/wp\/v2\/pages"}],"about":[{"href":"https:\/\/fertighaus-ersatzteile.de\/index.php?rest_route=\/wp\/v2\/types\/page"}],"author":[{"embeddable":true,"href":"https:\/\/fertighaus-ersatzteile.de\/index.php?rest_route=\/wp\/v2\/users\/1"}],"replies":[{"embeddable":true,"href":"https:\/\/fertighaus-ersatzteile.de\/index.php?rest_route=%2Fwp%2Fv2%2Fcomments&post=2"}],"version-history":[{"count":2,"href":"https:\/\/fertighaus-ersatzteile.de\/index.php?rest_route=\/wp\/v2\/pages\/2\/revisions"}],"predecessor-version":[{"id":50,"href":"https:\/\/fertighaus-ersatzteile.de\/index.php?rest_route=\/wp\/v2\/pages\/2\/revisions\/50"}],"wp:attachment":[{"href":"https:\/\/fertighaus-ersatzteile.de\/index.php?rest_route=%2Fwp%2Fv2%2Fmedia&parent=2"}],"curies":[{"name":"wp","href":"https:\/\/api.w.org\/{rel}","templated":true}]}}